{"id":19,"date":"2024-03-21T17:18:18","date_gmt":"2024-03-21T16:18:18","guid":{"rendered":"https:\/\/cabinet.hivet-mangin.fr\/?page_id=19"},"modified":"2025-09-30T14:41:24","modified_gmt":"2025-09-30T12:41:24","slug":"accueil","status":"publish","type":"page","link":"https:\/\/cabinet.hivet-mangin.fr\/","title":{"rendered":"Accueil"},"content":{"rendered":"<section class=\"bde-section-19-207 bde-section\">\n  \n\t\n\n\n\n<div class=\"section-container\"><div class=\"bde-columns-19-208 bde-columns\"><div class=\"bde-column-19-209 bde-column\">\n  \n\t\n\n\n\n<div class=\"bde-div-19-210 bde-div\">\n  \n\t\n\n\n\n<h1 class=\"bde-heading-19-211 bde-heading\">\n\u00c9coute, Respect, Bienveillance, Accompagnement.\n<\/h1>\n<\/div>\n<\/div><div class=\"bde-column-19-213 bde-column\">\n  \n\t\n\n\n\n<div class=\"bde-div-19-214 bde-div\">\n  \n\t\n\n\n\n<div class=\"bde-social-icons-19-217 bde-social-icons\">\n                  \n            \n            \n\n    \n    \n    \n    \n    \n    <a class=\"breakdance-link bde-social-icons__icon-wrapper bde-social-icons__icon-facebook\" href=\"https:\/\/www.facebook.com\/regis.hivetmangin\" target=\"_self\" data-type=\"url\" aria-label=\"facebook\" >\n\n             <svg xmlns=\"http:\/\/www.w3.org\/2000\/svg\" width=\"100%\" viewBox=\"0 0 24 24\">\n            <path d=\"M9 8h-3v4h3v12h5v-12h3.642l.358-4h-4v-1.667c0-.955.192-1.333 1.115-1.333h2.885v-5h-3.808c-3.596 0-5.192 1.583-5.192 4.615v3.385z\"\/>\n       <\/svg>\n              <\/a>\n\n                    \n            \n            \n\n    \n    \n    \n    \n    \n    <a class=\"breakdance-link bde-social-icons__icon-wrapper bde-social-icons__icon-instagram\" href=\"https:\/\/www.instagram.com\/hivet_mangin_regis_\/\" target=\"_self\" data-type=\"url\" aria-label=\"instagram\" >\n\n             <svg xmlns=\"http:\/\/www.w3.org\/2000\/svg\" width=\"100%\" viewBox=\"0 0 24 24\">\n            <path d=\"M12 2.163c3.204 0 3.584.012 4.85.07 3.252.148 4.771 1.691 4.919 4.919.058 1.265.069 1.645.069 4.849 0 3.205-.012 3.584-.069 4.849-.149 3.225-1.664 4.771-4.919 4.919-1.266.058-1.644.07-4.85.07-3.204 0-3.584-.012-4.849-.07-3.26-.149-4.771-1.699-4.919-4.92-.058-1.265-.07-1.644-.07-4.849 0-3.204.013-3.583.07-4.849.149-3.227 1.664-4.771 4.919-4.919 1.266-.057 1.645-.069 4.849-.069zm0-2.163c-3.259 0-3.667.014-4.947.072-4.358.2-6.78 2.618-6.98 6.98-.059 1.281-.073 1.689-.073 4.948 0 3.259.014 3.668.072 4.948.2 4.358 2.618 6.78 6.98 6.98 1.281.058 1.689.072 4.948.072 3.259 0 3.668-.014 4.948-.072 4.354-.2 6.782-2.618 6.979-6.98.059-1.28.073-1.689.073-4.948 0-3.259-.014-3.667-.072-4.947-.196-4.354-2.617-6.78-6.979-6.98-1.281-.059-1.69-.073-4.949-.073zm0 5.838c-3.403 0-6.162 2.759-6.162 6.162s2.759 6.163 6.162 6.163 6.162-2.759 6.162-6.163c0-3.403-2.759-6.162-6.162-6.162zm0 10.162c-2.209 0-4-1.79-4-4 0-2.209 1.791-4 4-4s4 1.791 4 4c0 2.21-1.791 4-4 4zm6.406-11.845c-.796 0-1.441.645-1.441 1.44s.645 1.44 1.441 1.44c.795 0 1.439-.645 1.439-1.44s-.644-1.44-1.439-1.44z\"\/>\n       <\/svg>\n              <\/a>\n\n    \n<\/div><div class=\"bde-text-19-216 bde-text\">\nCabinet de Psychoth\u00e9rapie\n<\/div><h5 class=\"bde-heading-19-215 bde-heading\">\nRegis HIVET-MANGIN\n<\/h5>\n<\/div>\n<\/div><\/div><\/div>\n<\/section><section class=\"bde-section-19-101 bde-section\">\n              \n  \n\t\n\n  <div class=\"section-background-overlay\"><\/div>\n\n\n<div class=\"section-container\"><h2 class=\"bde-heading-19-102 bde-heading\">\nPourquoi faire une th\u00e9rapie?<br>\n<\/h2><\/div>\n<\/section><section class=\"bde-section-19-173 bde-section\">\n  \n\t\n\n\n\n<div class=\"section-container\"><div class=\"bde-columns-19-174 bde-columns\"><div class=\"bde-column-19-182 bde-column\">\n              \n  \n\t\n\n  <div class=\"section-background-overlay\"><\/div>\n\n\n\n<\/div><div class=\"bde-column-19-175 bde-column\">\n  \n\t\n\n\n\n<div class=\"bde-div-19-176 bde-div\">\n  \n\t\n\n\n\n<h2 class=\"bde-heading-19-178 bde-heading\">\nA qui s'adresse la Psychoth\u00e9rapie Humaniste?\n<\/h2><div class=\"bde-text-19-179 bde-text\">\nQui n' a jamais rencontr\u00e9 de difficult\u00e9s dans sa vie?<br><br>Qui, un jour, n' a pas crois\u00e9 ce sentiment de rejet, d'impuissance, de d\u00e9go\u00fbt, de col\u00e8re, de honte, de culpabilit\u00e9, de peur ou d'angoisse...<br><br>Qui ne s'est jamais pos\u00e9 la question du sens de sa vie, de ses actes, de ses envies et de ses besoins?<br><br>Qui ne s'est jamais trouv\u00e9 dans une impasse relationnelle, que ce soit avec sa famille, ses enfants, ses parents, ses coll\u00e8gues?<br><br>La Psychoth\u00e9rapie humaniste est une aide pr\u00e9cieuse, voir parfois, indispensable.<br>Savoir chercher du soutien, c est savoir s'aider soi-m\u00eame.<br><br>La Psychoth\u00e9rapie humaniste s'adresse \u00e0 tout le monde car elle prend soin de l'humain qui est en nous.\n<\/div><div class=\"bde-div-19-180 bde-div\">\n  \n\t\n\n\n\n<div class=\"bde-button-19-181 bde-button\">\n    \n                                    \n    \n    \n    \n    \n            \n                    \n            \n            \n\n    \n    \n    \n    \n    \n    <a class=\"breakdance-link button-atom button-atom--secondary bde-button__button\" href=\"#suite\" target=\"_self\" data-type=\"url\"  >\n\n    \n        <span class=\"button-atom__text\">D\u00e9couvrir<\/span>\n\n        \n        \n                <\/a>\n\n    \n\n\n<\/div>\n<\/div>\n<\/div>\n<\/div><\/div><\/div>\n<\/section><section class=\"bde-section-19-198 bde-section\">\n  \n\t\n\n\n\n<div class=\"section-container\"><div class=\"bde-columns-19-219 bde-columns\"><div class=\"bde-column-19-220 bde-column\">\n  \n\t\n\n\n\n\n<\/div><\/div><\/div>\n<\/section>","protected":false},"excerpt":{"rendered":"<p>\u00c9coute, Respect, Bienveillance, Accompagnement. Cabinet de Psychoth\u00e9rapie Regis HIVET-MANGIN Pourquoi faire une th\u00e9rapie? A qui s&rsquo;adresse la Psychoth\u00e9rapie Humaniste? Qui n&rsquo; a jamais rencontr\u00e9 de difficult\u00e9s dans sa vie?Qui, un jour, n&rsquo; a pas crois\u00e9 ce sentiment de rejet, d&rsquo;impuissance, de d\u00e9go\u00fbt, de col\u00e8re, de honte, de culpabilit\u00e9, de peur ou d&rsquo;angoisse&#8230;Qui ne s&rsquo;est jamais [&hellip;]<\/p>\n","protected":false},"author":1,"featured_media":0,"parent":0,"menu_order":0,"comment_status":"closed","ping_status":"closed","template":"","meta":{"_acf_changed":false,"footnotes":"","_breakdance_hide_in_design_set":false,"_breakdance_tags":""},"acf":[],"_links":{"self":[{"href":"https:\/\/cabinet.hivet-mangin.fr\/index.php\/wp-json\/wp\/v2\/pages\/19"}],"collection":[{"href":"https:\/\/cabinet.hivet-mangin.fr\/index.php\/wp-json\/wp\/v2\/pages"}],"about":[{"href":"https:\/\/cabinet.hivet-mangin.fr\/index.php\/wp-json\/wp\/v2\/types\/page"}],"author":[{"embeddable":true,"href":"https:\/\/cabinet.hivet-mangin.fr\/index.php\/wp-json\/wp\/v2\/users\/1"}],"replies":[{"embeddable":true,"href":"https:\/\/cabinet.hivet-mangin.fr\/index.php\/wp-json\/wp\/v2\/comments?post=19"}],"version-history":[{"count":81,"href":"https:\/\/cabinet.hivet-mangin.fr\/index.php\/wp-json\/wp\/v2\/pages\/19\/revisions"}],"predecessor-version":[{"id":377,"href":"https:\/\/cabinet.hivet-mangin.fr\/index.php\/wp-json\/wp\/v2\/pages\/19\/revisions\/377"}],"wp:attachment":[{"href":"https:\/\/cabinet.hivet-mangin.fr\/index.php\/wp-json\/wp\/v2\/media?parent=19"}],"curies":[{"name":"wp","href":"https:\/\/api.w.org\/{rel}","templated":true}]}}