{"id":166,"date":"2024-03-22T10:41:23","date_gmt":"2024-03-22T09:41:23","guid":{"rendered":"https:\/\/cabinet.hivet-mangin.fr\/?page_id=166"},"modified":"2024-03-22T13:50:12","modified_gmt":"2024-03-22T12:50:12","slug":"evenements","status":"publish","type":"page","link":"https:\/\/cabinet.hivet-mangin.fr\/index.php\/evenements\/","title":{"rendered":"\u00c9v\u00e9nements"},"content":{"rendered":"<section class=\"bde-section-166-100 bde-section\">\n              \n  \n\t\n\n  <div class=\"section-background-overlay\"><\/div>\n\n\n<div class=\"section-container\"><div class=\"bde-columns-166-101 bde-columns\"><div class=\"bde-column-166-102 bde-column\">\n  \n\t\n\n\n\n<div class=\"bde-div-166-103 bde-div\">\n  \n\t\n\n\n\n<h1 class=\"bde-heading-166-104 bde-heading\">\n\u00c9v\u00e9nements\n<\/h1>\n<\/div>\n<\/div><div class=\"bde-column-166-125 bde-column\">\n  \n\t\n\n\n\n\n<\/div><\/div><\/div>\n<\/section><section class=\"bde-section-166-111 bde-section\">\n  \n\t\n\n\n\n<div class=\"section-container\"><div class=\"bde-columns-166-112 bde-columns\"><div class=\"bde-column-166-115 bde-column\">\n  \n\t\n\n\n\n<div class=\"bde-div-166-116 bde-div\" data-entrance=\"fade\">\n  \n\t\n\n\n\n<h2 class=\"bde-heading-166-117 bde-heading\">\nVenez \u00e0 la rencontre de l'art\n<\/h2><div class=\"bde-text-166-118 bde-text\">\nDans l'optique de partager la passion pour l'art, R\u00e9gis Hivet-Mangin organise et participe \u00e0 diverses expositions et \u00e9v\u00e9nements artistiques tout au long de l'ann\u00e9e. <br><br>Venez \u00e0 la rencontre de l'art sous toutes ses formes, d\u00e9couvrez des \u0153uvres in\u00e9dites et \u00e9changez avec des artistes et des amateurs d'art venus des quatre coins de la r\u00e9gion et d'au-del\u00e0.\n<\/div>\n<\/div>\n<\/div><div class=\"bde-column-166-113 bde-column\">\n  \n\t\n\n\n\n<div class=\"bde-div-166-114 bde-div\">\n  \n\t\n\n\n\n\n<\/div>\n<\/div><\/div><\/div>\n<\/section><section class=\"bde-section-166-119 bde-section\">\n  \n\t\n\n\n\n<div class=\"section-container\"><div class=\"bde-div-166-124 bde-div\">\n  \n\t\n\n\n\n<h2 class=\"bde-heading-166-120 bde-heading\">\nProchains \u00c9v\u00e9nements\n<\/h2><div class=\"bde-text-166-121 bde-text\">\nExplorez les \u0153uvres de R\u00e9gis aux c\u00f4t\u00e9s d'autres artistes talentueux. Une occasion unique de plonger dans le monde de l'art contemporain.\n<\/div>\n<\/div><div class=\"bde-div-166-122 bde-div\">\n  \n\t\n\n\n\n<div class=\"bde-post-loop-166-123 bde-post-loop\">\n<div class=\"ee-posts ee-posts-grid\">    <div class=\"ee-post\">\n        <a class=\"bde-container-link-117-108-116-117-1 bde-container-link bde-container-link-117-108 breakdance-link\" href=\"https:\/\/cabinet.hivet-mangin.fr\/?p=116\" target=\"_self\" data-type=\"url\">\n  \n\t\n\n\n\n<div class=\"bde-div-117-100-116-117-1 bde-div bde-div-117-100\">\n  \n\t\n\n\n\n<div class=\"bde-image-117-101-116-117-1 bde-image bde-image-117-101\">\n<figure class=\"breakdance-image breakdance-image--40\">\n\t<div class=\"breakdance-image-container\">\n\t\t<div class=\"breakdance-image-clip\"><img loading=\"lazy\" decoding=\"async\" class=\"breakdance-image-object\" src=\"https:\/\/cabinet.hivet-mangin.fr\/wp-content\/uploads\/2024\/03\/dan-cook-KtQSnF8GNcc-unsplash-scaled.jpg\" width=\"1701\" height=\"2560\" srcset=\"https:\/\/cabinet.hivet-mangin.fr\/wp-content\/uploads\/2024\/03\/dan-cook-KtQSnF8GNcc-unsplash-scaled.jpg 1701w, https:\/\/cabinet.hivet-mangin.fr\/wp-content\/uploads\/2024\/03\/dan-cook-KtQSnF8GNcc-unsplash-199x300.jpg 199w, https:\/\/cabinet.hivet-mangin.fr\/wp-content\/uploads\/2024\/03\/dan-cook-KtQSnF8GNcc-unsplash-681x1024.jpg 681w, https:\/\/cabinet.hivet-mangin.fr\/wp-content\/uploads\/2024\/03\/dan-cook-KtQSnF8GNcc-unsplash-768x1156.jpg 768w, https:\/\/cabinet.hivet-mangin.fr\/wp-content\/uploads\/2024\/03\/dan-cook-KtQSnF8GNcc-unsplash-1021x1536.jpg 1021w, https:\/\/cabinet.hivet-mangin.fr\/wp-content\/uploads\/2024\/03\/dan-cook-KtQSnF8GNcc-unsplash-1361x2048.jpg 1361w\" sizes=\"(max-width: 1701px) 100vw, 1701px\"><\/div>\n\t<\/div><\/figure>\n\n<\/div><div class=\"bde-div-117-107-116-117-1 bde-div bde-div-117-107\">\n  \n\t\n\n\n\n<h3 class=\"bde-heading-117-102-116-117-1 bde-heading bde-heading-117-102\">\nDimension D\u00e9coupage\n<\/h3><div class=\"bde-text-117-104-116-117-1 bde-text bde-text-117-104\">\nD\u00e9couvrez 'Dimension D\u00e9coupage', une exposition solo de R\u00e9gis Hivet-Mangin d\u00e9di\u00e9e \u00e0 l'art d\u00e9licat et profond du d\u00e9coupage. Une exploration visue...\n<\/div>\n<\/div><div class=\"bde-button-117-105-116-117-1 bde-button bde-button-117-105\">\n    \n                                    \n    \n    \n    \n    \n            \n                    \n            \n            \n\n    \n    \n    \n    \n    \n    <a class=\"breakdance-link button-atom button-atom--text bde-button__button\" href=\"https:\/\/cabinet.hivet-mangin.fr\/?p=116\" target=\"_self\" data-type=\"url\"  >\n\n    \n        <span class=\"button-atom__text\">En savoir plus<\/span>\n\n        \n        \n                <\/a>\n\n    \n\n\n<\/div>\n<\/div>\n\n<\/a>    <\/div>\n    <div class=\"ee-post\">\n        <a class=\"bde-container-link-117-108-115-117-1 bde-container-link bde-container-link-117-108 breakdance-link\" href=\"https:\/\/cabinet.hivet-mangin.fr\/?p=115\" target=\"_self\" data-type=\"url\">\n  \n\t\n\n\n\n<div class=\"bde-div-117-100-115-117-1 bde-div bde-div-117-100\">\n  \n\t\n\n\n\n<div class=\"bde-image-117-101-115-117-1 bde-image bde-image-117-101\">\n<figure class=\"breakdance-image breakdance-image--42\">\n\t<div class=\"breakdance-image-container\">\n\t\t<div class=\"breakdance-image-clip\"><img loading=\"lazy\" decoding=\"async\" class=\"breakdance-image-object\" src=\"https:\/\/cabinet.hivet-mangin.fr\/wp-content\/uploads\/2024\/03\/joseph-morris-Tac8FvqAnEw-unsplash-1-scaled.jpg\" width=\"2560\" height=\"1440\" srcset=\"https:\/\/cabinet.hivet-mangin.fr\/wp-content\/uploads\/2024\/03\/joseph-morris-Tac8FvqAnEw-unsplash-1-scaled.jpg 2560w, https:\/\/cabinet.hivet-mangin.fr\/wp-content\/uploads\/2024\/03\/joseph-morris-Tac8FvqAnEw-unsplash-1-300x169.jpg 300w, https:\/\/cabinet.hivet-mangin.fr\/wp-content\/uploads\/2024\/03\/joseph-morris-Tac8FvqAnEw-unsplash-1-1024x576.jpg 1024w, https:\/\/cabinet.hivet-mangin.fr\/wp-content\/uploads\/2024\/03\/joseph-morris-Tac8FvqAnEw-unsplash-1-768x432.jpg 768w, https:\/\/cabinet.hivet-mangin.fr\/wp-content\/uploads\/2024\/03\/joseph-morris-Tac8FvqAnEw-unsplash-1-1536x864.jpg 1536w, https:\/\/cabinet.hivet-mangin.fr\/wp-content\/uploads\/2024\/03\/joseph-morris-Tac8FvqAnEw-unsplash-1-2048x1152.jpg 2048w\" sizes=\"(max-width: 2560px) 100vw, 2560px\"><\/div>\n\t<\/div><\/figure>\n\n<\/div><div class=\"bde-div-117-107-115-117-1 bde-div bde-div-117-107\">\n  \n\t\n\n\n\n<h3 class=\"bde-heading-117-102-115-117-1 bde-heading bde-heading-117-102\">\nCouleurs et \u00c9motions\n<\/h3><div class=\"bde-text-117-104-115-117-1 bde-text bde-text-117-104\">\nPlongez dans l'univers color\u00e9 de R\u00e9gis Hivet-Mangin le temps d'un atelier exclusif. 'Couleurs et \u00c9motions' est une invitation \u00e0 explorer votre p...\n<\/div>\n<\/div><div class=\"bde-button-117-105-115-117-1 bde-button bde-button-117-105\">\n    \n                                    \n    \n    \n    \n    \n            \n                    \n            \n            \n\n    \n    \n    \n    \n    \n    <a class=\"breakdance-link button-atom button-atom--text bde-button__button\" href=\"https:\/\/cabinet.hivet-mangin.fr\/?p=115\" target=\"_self\" data-type=\"url\"  >\n\n    \n        <span class=\"button-atom__text\">En savoir plus<\/span>\n\n        \n        \n                <\/a>\n\n    \n\n\n<\/div>\n<\/div>\n\n<\/a>    <\/div>\n    <div class=\"ee-post\">\n        <a class=\"bde-container-link-117-108-109-117-1 bde-container-link bde-container-link-117-108 breakdance-link\" href=\"https:\/\/cabinet.hivet-mangin.fr\/?p=109\" target=\"_self\" data-type=\"url\">\n  \n\t\n\n\n\n<div class=\"bde-div-117-100-109-117-1 bde-div bde-div-117-100\">\n  \n\t\n\n\n\n<div class=\"bde-image-117-101-109-117-1 bde-image bde-image-117-101\">\n<figure class=\"breakdance-image breakdance-image--35\">\n\t<div class=\"breakdance-image-container\">\n\t\t<div class=\"breakdance-image-clip\"><img loading=\"lazy\" decoding=\"async\" class=\"breakdance-image-object\" src=\"https:\/\/cabinet.hivet-mangin.fr\/wp-content\/uploads\/2024\/03\/17701549_img-4253bokdsa-4.jpg\" width=\"1440\" height=\"1731\" srcset=\"https:\/\/cabinet.hivet-mangin.fr\/wp-content\/uploads\/2024\/03\/17701549_img-4253bokdsa-4.jpg 1440w, https:\/\/cabinet.hivet-mangin.fr\/wp-content\/uploads\/2024\/03\/17701549_img-4253bokdsa-4-250x300.jpg 250w, https:\/\/cabinet.hivet-mangin.fr\/wp-content\/uploads\/2024\/03\/17701549_img-4253bokdsa-4-852x1024.jpg 852w, https:\/\/cabinet.hivet-mangin.fr\/wp-content\/uploads\/2024\/03\/17701549_img-4253bokdsa-4-768x923.jpg 768w, https:\/\/cabinet.hivet-mangin.fr\/wp-content\/uploads\/2024\/03\/17701549_img-4253bokdsa-4-1278x1536.jpg 1278w\" sizes=\"(max-width: 1440px) 100vw, 1440px\"><\/div>\n\t<\/div><\/figure>\n\n<\/div><div class=\"bde-div-117-107-109-117-1 bde-div bde-div-117-107\">\n  \n\t\n\n\n\n<h3 class=\"bde-heading-117-102-109-117-1 bde-heading bde-heading-117-102\">\nLa Nuit des Sculptures\n<\/h3><div class=\"bde-text-117-104-109-117-1 bde-text bde-text-117-104\">\nLaissez-vous guider par la lumi\u00e8re des \u00e9toiles et explorez une exposition o\u00f9 chaque \u0153uvre raconte une histoire fascinante, anim\u00e9e par un jeu de ...\n<\/div>\n<\/div><div class=\"bde-button-117-105-109-117-1 bde-button bde-button-117-105\">\n    \n                                    \n    \n    \n    \n    \n            \n                    \n            \n            \n\n    \n    \n    \n    \n    \n    <a class=\"breakdance-link button-atom button-atom--text bde-button__button\" href=\"https:\/\/cabinet.hivet-mangin.fr\/?p=109\" target=\"_self\" data-type=\"url\"  >\n\n    \n        <span class=\"button-atom__text\">En savoir plus<\/span>\n\n        \n        \n                <\/a>\n\n    \n\n\n<\/div>\n<\/div>\n\n<\/a>    <\/div>\n<\/div>\n\n<\/div>\n<\/div><\/div>\n<\/section>","protected":false},"excerpt":{"rendered":"<p>\u00c9v\u00e9nements Venez \u00e0 la rencontre de l&rsquo;art Dans l&rsquo;optique de partager la passion pour l&rsquo;art, R\u00e9gis Hivet-Mangin organise et participe \u00e0 diverses expositions et \u00e9v\u00e9nements artistiques tout au long de l&rsquo;ann\u00e9e. Venez \u00e0 la rencontre de l&rsquo;art sous toutes ses formes, d\u00e9couvrez des \u0153uvres in\u00e9dites et \u00e9changez avec des artistes et des amateurs d&rsquo;art venus [&hellip;]<\/p>\n","protected":false},"author":1,"featured_media":0,"parent":0,"menu_order":0,"comment_status":"closed","ping_status":"closed","template":"","meta":{"_acf_changed":false,"footnotes":"","_breakdance_hide_in_design_set":false,"_breakdance_tags":""},"acf":[],"_links":{"self":[{"href":"https:\/\/cabinet.hivet-mangin.fr\/index.php\/wp-json\/wp\/v2\/pages\/166"}],"collection":[{"href":"https:\/\/cabinet.hivet-mangin.fr\/index.php\/wp-json\/wp\/v2\/pages"}],"about":[{"href":"https:\/\/cabinet.hivet-mangin.fr\/index.php\/wp-json\/wp\/v2\/types\/page"}],"author":[{"embeddable":true,"href":"https:\/\/cabinet.hivet-mangin.fr\/index.php\/wp-json\/wp\/v2\/users\/1"}],"replies":[{"embeddable":true,"href":"https:\/\/cabinet.hivet-mangin.fr\/index.php\/wp-json\/wp\/v2\/comments?post=166"}],"version-history":[{"count":7,"href":"https:\/\/cabinet.hivet-mangin.fr\/index.php\/wp-json\/wp\/v2\/pages\/166\/revisions"}],"predecessor-version":[{"id":285,"href":"https:\/\/cabinet.hivet-mangin.fr\/index.php\/wp-json\/wp\/v2\/pages\/166\/revisions\/285"}],"wp:attachment":[{"href":"https:\/\/cabinet.hivet-mangin.fr\/index.php\/wp-json\/wp\/v2\/media?parent=166"}],"curies":[{"name":"wp","href":"https:\/\/api.w.org\/{rel}","templated":true}]}}