{"id":153,"date":"2024-03-22T09:49:49","date_gmt":"2024-03-22T08:49:49","guid":{"rendered":"https:\/\/cabinet.hivet-mangin.fr\/?page_id=153"},"modified":"2025-09-30T14:44:30","modified_gmt":"2025-09-30T12:44:30","slug":"ateliers","status":"publish","type":"page","link":"https:\/\/cabinet.hivet-mangin.fr\/index.php\/ateliers\/","title":{"rendered":"La Psychoth\u00e9rapie Humaniste"},"content":{"rendered":"<style>.breakdance .bde-section-153-100{background-color:var(--bde-palette-color-1);background-image:url(https:\/\/cabinet.hivet-mangin.fr\/wp-content\/uploads\/2024\/03\/joseph-morris-Tac8FvqAnEw-unsplash-scaled.jpg);background-position:37.32% 100%}.breakdance .bde-section-153-100>.section-background-overlay{background-color:var(--bde-palette-color-4);transition:background-color var(--bde-transition-duration) ease-in-out}.breakdance .bde-section-153-100>.section-background-overlay{opacity:0.5}.breakdance .bde-section-153-100>.section-background-overlay{mix-blend-mode:multiply}<\/style><section class=\"bde-section-153-100 bde-section\">\n              \n  \n\t\n\n  <div class=\"section-background-overlay\"><\/div>\n\n\n<div class=\"section-container\"><div class=\"bde-columns-153-109 bde-columns\"><div class=\"bde-column-153-110 bde-column\">\n  \n\t\n\n\n\n<div class=\"bde-div-153-101 bde-div\">\n  \n\t\n\n\n\n<h1 class=\"bde-heading-153-183 bde-heading\">\nLa Psychoth\u00e9rapie Humaniste\n<\/h1>\n<\/div>\n<\/div><div class=\"bde-column-153-111 bde-column\">\n  \n\t\n\n\n\n\n<\/div><\/div><\/div>\n<\/section><section class=\"bde-section-153-112 bde-section\">\n  \n\t\n\n\n\n<div class=\"section-container\"><div class=\"bde-columns-153-113 bde-columns\"><div class=\"bde-column-153-114 bde-column\">\n  \n\t\n\n\n\n\n<\/div><div class=\"bde-column-153-117 bde-column\">\n  \n\t\n\n\n\n<div class=\"bde-div-153-118 bde-div\" data-entrance=\"fade\">\n  \n\t\n\n\n\n<h1 class=\"bde-heading-153-119 bde-heading\">\nLa Psychoth\u00e9rapie Humaniste\n<\/h1><div class=\"bde-text-153-120 bde-text\">\nLa Psychoth\u00e9rapie r\u00e9pond au besoin d'une personne (le Consultant) \u00e0 chercher de l'aide aupr\u00e8s d'une personne ext\u00e9rieure (le Th\u00e9rapeute) pour r\u00e9pondre \u00e0 un probl\u00e8me personnel.<br><br>C'est une d\u00e9marche, une volont\u00e9 qui demande du courage et de l'amour envers soi-m\u00eame.<br><br>C'est un acte de discernement, de reconna\u00eetre \u00e0 la fois ses capacit\u00e9s, ses talents ainsi que ses limites. De comprendre l\u00e0 o\u00f9 nous pouvons agir, de l\u00e0 o\u00f9 nous ne pouvons pas. D'identifier de quoi ou de qui le consultant est victime et qu'il ou elle puisse se d\u00e9finir en tant que tel.<br><br>C 'est un acte de dialogue, de partage et de lib\u00e9ration.<br>Pouvoir poser ce qui est lourd, difficile, compliqu\u00e9, voir insupportable.<br>Le partager avec le Th\u00e9rapeute dans l'accueil, la bienveillance, le respect et la compassion.<br><br>C'est un travail d'exploration et de reconnexion \u00e0 soi. <br>C'est une r\u00e9appropriation de son histoire et de sa vie, de son corps, de sa psych\u00e8, de ses valeurs de tout son \u00eatre et de ce qui nous est important et essentiel.<br><br>C'est une relation de confiance entre le Consultant et le Th\u00e9rapeute qui va respecter les choix, les limites, le rythme du Consultant.<br><br>C'est donner du sens aux tumultes que le Consultant traverse, tout en redevenant acteur de sa vie et en apprenant \u00e0 s'accueillir tel qu'il ou elle est.<br><br>C 'est se donner une juste place dans son existence, dans son corps et sa psych\u00e9. <br>Identifier ses probl\u00e9matiques,  lib\u00e9rer ses \u00e9motions, se raconter et s'accueillir enfin.\n<\/div>\n<\/div>\n<\/div><\/div><\/div>\n<\/section><section class=\"bde-section-153-121 bde-section\">\n  \n\t\n\n\n\n<div class=\"section-container\"><div class=\"bde-columns-153-122 bde-columns\" data-entrance=\"fade\"><div class=\"bde-column-153-123 bde-column\">\n  \n\t\n\n\n\n<h4 class=\"bde-heading-153-124 bde-heading\">\nExprimer librement votre cr\u00e9ativit\u00e9\n<\/h4><div class=\"bde-text-153-129 bde-text\">\nObjectif Plastique\n<\/div><div class=\"bde-button-153-139 bde-button\">\n    \n                                    \n    \n    \n    \n    \n            \n                    \n            \n            \n\n    \n    \n    \n    \n    \n    <a class=\"breakdance-link button-atom button-atom--secondary bde-button__button\" href=\"https:\/\/cabinet.hivet-mangin.fr\/index.php\/evenements\/\" target=\"_self\" data-type=\"url\"  >\n\n    \n        <span class=\"button-atom__text\">Voir l'agenda<\/span>\n\n        \n        \n                <\/a>\n\n    \n\n\n<\/div>\n<\/div><div class=\"bde-column-153-125 bde-column\">\n  \n\t\n\n\n\n<div class=\"bde-text-153-126 bde-text\">\nCet atelier vous propose de plonger dans le vaste monde de la cr\u00e9ativit\u00e9 pure. Avec R\u00e9gis comme guide, explorez diff\u00e9rentes techniques artistiques, de la peinture au d\u00e9coupage, et d\u00e9couvrez votre propre langage visuel. Cet espace de cr\u00e9ation est ouvert \u00e0 tous, cherchant \u00e0 lib\u00e9rer le potentiel cr\u00e9atif qui sommeille en chacun.\n<\/div>\n<\/div><\/div><div class=\"bde-div-153-127 bde-div\">\n  \n\t\n\n\n\n<div class=\"bde-image-153-128 bde-image\" data-entrance=\"fade\">\n<figure class=\"breakdance-image breakdance-image--161\">\n\t<div class=\"breakdance-image-container\">\n\t\t<div class=\"breakdance-image-clip\"><img loading=\"lazy\" decoding=\"async\" class=\"breakdance-image-object\" src=\"https:\/\/cabinet.hivet-mangin.fr\/wp-content\/uploads\/2024\/03\/matthieu-comoy-koo_vYrlU_U-unsplash-scaled.jpg\" width=\"2560\" height=\"1707\" srcset=\"https:\/\/cabinet.hivet-mangin.fr\/wp-content\/uploads\/2024\/03\/matthieu-comoy-koo_vYrlU_U-unsplash-scaled.jpg 2560w, https:\/\/cabinet.hivet-mangin.fr\/wp-content\/uploads\/2024\/03\/matthieu-comoy-koo_vYrlU_U-unsplash-300x200.jpg 300w, https:\/\/cabinet.hivet-mangin.fr\/wp-content\/uploads\/2024\/03\/matthieu-comoy-koo_vYrlU_U-unsplash-1024x683.jpg 1024w, https:\/\/cabinet.hivet-mangin.fr\/wp-content\/uploads\/2024\/03\/matthieu-comoy-koo_vYrlU_U-unsplash-768x512.jpg 768w, https:\/\/cabinet.hivet-mangin.fr\/wp-content\/uploads\/2024\/03\/matthieu-comoy-koo_vYrlU_U-unsplash-1536x1024.jpg 1536w, https:\/\/cabinet.hivet-mangin.fr\/wp-content\/uploads\/2024\/03\/matthieu-comoy-koo_vYrlU_U-unsplash-2048x1365.jpg 2048w\" sizes=\"(max-width: 2560px) 100vw, 2560px\"><\/div>\n\t<\/div><\/figure>\n\n<\/div>\n<\/div><\/div>\n<\/section><section class=\"bde-section-153-130 bde-section\">\n  \n\t\n\n\n\n<div class=\"section-container\"><div class=\"bde-columns-153-131 bde-columns\" data-entrance=\"fade\"><div class=\"bde-column-153-132 bde-column\">\n  \n\t\n\n\n\n<h4 class=\"bde-heading-153-133 bde-heading\">\nL'Art comme refuge et gu\u00e9rison\n<\/h4><div class=\"bde-text-153-134 bde-text\">\nObjectif Plastique et Th\u00e9rapeutique\n<\/div><div class=\"bde-button-153-140 bde-button\">\n    \n                                    \n    \n    \n    \n    \n            \n                    \n            \n            \n\n    \n    \n    \n    \n    \n    <a class=\"breakdance-link button-atom button-atom--primary bde-button__button\" href=\"https:\/\/cabinet.hivet-mangin.fr\/index.php\/evenements\/\" target=\"_self\" data-type=\"url\"  >\n\n    \n        <span class=\"button-atom__text\">Voir l'agenda<\/span>\n\n        \n        \n                <\/a>\n\n    \n\n\n<\/div>\n<\/div><div class=\"bde-column-153-135 bde-column\">\n  \n\t\n\n\n\n<div class=\"bde-text-153-136 bde-text\">\nCet atelier vous propose de plonger dans le vaste monde de la cr\u00e9ativit\u00e9 pure. Avec R\u00e9gis comme guide, explorez diff\u00e9rentes techniques artistiques, de la peinture au d\u00e9coupage, et d\u00e9couvrez votre propre langage visuel. Cet espace de cr\u00e9ation est ouvert \u00e0 tous, cherchant \u00e0 lib\u00e9rer le potentiel cr\u00e9atif qui sommeille en chacun.\n<\/div>\n<\/div><\/div><div class=\"bde-div-153-137 bde-div\">\n  \n\t\n\n\n\n<div class=\"bde-image-153-138 bde-image\" data-entrance=\"fade\">\n<figure class=\"breakdance-image breakdance-image--41\">\n\t<div class=\"breakdance-image-container\">\n\t\t<div class=\"breakdance-image-clip\"><img loading=\"lazy\" decoding=\"async\" class=\"breakdance-image-object\" src=\"https:\/\/cabinet.hivet-mangin.fr\/wp-content\/uploads\/2024\/03\/joseph-morris-Tac8FvqAnEw-unsplash-scaled.jpg\" width=\"2560\" height=\"1440\" srcset=\"https:\/\/cabinet.hivet-mangin.fr\/wp-content\/uploads\/2024\/03\/joseph-morris-Tac8FvqAnEw-unsplash-scaled.jpg 2560w, https:\/\/cabinet.hivet-mangin.fr\/wp-content\/uploads\/2024\/03\/joseph-morris-Tac8FvqAnEw-unsplash-300x169.jpg 300w, https:\/\/cabinet.hivet-mangin.fr\/wp-content\/uploads\/2024\/03\/joseph-morris-Tac8FvqAnEw-unsplash-1024x576.jpg 1024w, https:\/\/cabinet.hivet-mangin.fr\/wp-content\/uploads\/2024\/03\/joseph-morris-Tac8FvqAnEw-unsplash-768x432.jpg 768w, https:\/\/cabinet.hivet-mangin.fr\/wp-content\/uploads\/2024\/03\/joseph-morris-Tac8FvqAnEw-unsplash-1536x864.jpg 1536w, https:\/\/cabinet.hivet-mangin.fr\/wp-content\/uploads\/2024\/03\/joseph-morris-Tac8FvqAnEw-unsplash-2048x1152.jpg 2048w\" sizes=\"(max-width: 2560px) 100vw, 2560px\"><\/div>\n\t<\/div><\/figure>\n\n<\/div>\n<\/div><\/div>\n<\/section><section class=\"bde-section-153-151 bde-section\">\n  \n\t\n\n\n\n<div class=\"section-container\"><div class=\"bde-columns-153-152 bde-columns\"><div class=\"bde-column-153-153 bde-column\">\n  \n\t\n\n\n\n<div class=\"bde-icon-box-153-154 bde-icon-box\">\n\n    \n            <div class=\"ee-iconbox-icon breakdance-icon-atom\" >\n    \n                    <svg xmlns=\"http:\/\/www.w3.org\/2000\/svg\" viewBox=\"0 0 512 512\"><!-- Font Awesome Free 5.15.1 by @fontawesome - https:\/\/fontawesome.com License - https:\/\/fontawesome.com\/license\/free (Icons: CC BY 4.0, Fonts: SIL OFL 1.1, Code: MIT License) --><path d=\"M167.02 309.34c-40.12 2.58-76.53 17.86-97.19 72.3-2.35 6.21-8 9.98-14.59 9.98-11.11 0-45.46-27.67-55.25-34.35C0 439.62 37.93 512 128 512c75.86 0 128-43.77 128-120.19 0-3.11-.65-6.08-.97-9.13l-88.01-73.34zM457.89 0c-15.16 0-29.37 6.71-40.21 16.45C213.27 199.05 192 203.34 192 257.09c0 13.7 3.25 26.76 8.73 38.7l63.82 53.18c7.21 1.8 14.64 3.03 22.39 3.03 62.11 0 98.11-45.47 211.16-256.46 7.38-14.35 13.9-29.85 13.9-45.99C512 20.64 486 0 457.89 0z\"\/><\/svg>\n        \n        \n        \n            <\/div>\n    \n\n<div class=\"ee-iconbox-content\">\n      <p class=\"ee-iconbox-title bde-h3\" >Cr\u00e9ativit\u00e9 sans limites<\/p>\n        <div class=\"ee-iconbox-text\" >Exp\u00e9rimentez avec diverses techniques sous la guidance experte de R\u00e9gis.<\/div>\n    <\/div>\n\n<\/div>\n<\/div><div class=\"bde-column-153-155 bde-column\">\n  \n\t\n\n\n\n<div class=\"bde-icon-box-153-156 bde-icon-box\">\n\n    \n            <div class=\"ee-iconbox-icon breakdance-icon-atom\" >\n    \n                    <svg xmlns=\"http:\/\/www.w3.org\/2000\/svg\" viewBox=\"0 0 640 512\"><!-- Font Awesome Free 5.15.1 by @fontawesome - https:\/\/fontawesome.com License - https:\/\/fontawesome.com\/license\/free (Icons: CC BY 4.0, Fonts: SIL OFL 1.1, Code: MIT License) --><path d=\"M192 256c61.9 0 112-50.1 112-112S253.9 32 192 32 80 82.1 80 144s50.1 112 112 112zm76.8 32h-8.3c-20.8 10-43.9 16-68.5 16s-47.6-6-68.5-16h-8.3C51.6 288 0 339.6 0 403.2V432c0 26.5 21.5 48 48 48h288c26.5 0 48-21.5 48-48v-28.8c0-63.6-51.6-115.2-115.2-115.2zM480 256c53 0 96-43 96-96s-43-96-96-96-96 43-96 96 43 96 96 96zm48 32h-3.8c-13.9 4.8-28.6 8-44.2 8s-30.3-3.2-44.2-8H432c-20.4 0-39.2 5.9-55.7 15.4 24.4 26.3 39.7 61.2 39.7 99.8v38.4c0 2.2-.5 4.3-.6 6.4H592c26.5 0 48-21.5 48-48 0-61.9-50.1-112-112-112z\"\/><\/svg>\n        \n        \n        \n            <\/div>\n    \n\n<div class=\"ee-iconbox-content\">\n      <h4 class=\"ee-iconbox-title bde-h3\" >Rencontres inspirantes<\/h4>\n        <div class=\"ee-iconbox-text\" >Partagez l'espace avec des passionn\u00e9s d'art, cr\u00e9ez des liens et inspirez-vous mutuellement.<\/div>\n    <\/div>\n\n<\/div>\n<\/div><div class=\"bde-column-153-157 bde-column\">\n  \n\t\n\n\n\n<div class=\"bde-icon-box-153-158 bde-icon-box\">\n\n    \n            <div class=\"ee-iconbox-icon breakdance-icon-atom\" >\n    \n                    <svg xmlns=\"http:\/\/www.w3.org\/2000\/svg\" viewBox=\"0 0 576 512\"><!-- Font Awesome Free 5.15.1 by @fontawesome - https:\/\/fontawesome.com License - https:\/\/fontawesome.com\/license\/free (Icons: CC BY 4.0, Fonts: SIL OFL 1.1, Code: MIT License) --><path d=\"M275.3 250.5c7 7.4 18.4 7.4 25.5 0l108.9-114.2c31.6-33.2 29.8-88.2-5.6-118.8-30.8-26.7-76.7-21.9-104.9 7.7L288 36.9l-11.1-11.6C248.7-4.4 202.8-9.2 172 17.5c-35.3 30.6-37.2 85.6-5.6 118.8l108.9 114.2zm290 77.6c-11.8-10.7-30.2-10-42.6 0L430.3 402c-11.3 9.1-25.4 14-40 14H272c-8.8 0-16-7.2-16-16s7.2-16 16-16h78.3c15.9 0 30.7-10.9 33.3-26.6 3.3-20-12.1-37.4-31.6-37.4H192c-27 0-53.1 9.3-74.1 26.3L71.4 384H16c-8.8 0-16 7.2-16 16v96c0 8.8 7.2 16 16 16h356.8c14.5 0 28.6-4.9 40-14L564 377c15.2-12.1 16.4-35.3 1.3-48.9z\"\/><\/svg>\n        \n        \n        \n            <\/div>\n    \n\n<div class=\"ee-iconbox-content\">\n      <p class=\"ee-iconbox-title bde-h3\" >Croissance personnelle<\/p>\n        <div class=\"ee-iconbox-text\" >Utilisez l'art pour explorer votre int\u00e9rieur, exprimer des \u00e9motions et stimuler votre croissance personnelle.<\/div>\n    <\/div>\n\n<\/div>\n<\/div><\/div><\/div>\n<\/section><section class=\"bde-section-153-159 bde-section\">\n  \n\t\n\n\n\n<div class=\"section-container\"><div class=\"bde-columns-153-160 bde-columns\"><div class=\"bde-column-153-161 bde-column\">\n  \n\t\n\n\n\n<div class=\"bde-div-153-162 bde-div\">\n  \n\t\n\n\n\n<h1 class=\"bde-heading-153-163 bde-heading\">\n\u00c9coute, Respect, Bienveillance, Accompagnement.\n<\/h1>\n<\/div>\n<\/div><div class=\"bde-column-153-164 bde-column\">\n  \n\t\n\n\n\n<div class=\"bde-div-153-165 bde-div\">\n  \n\t\n\n\n\n<div class=\"bde-social-icons-153-166 bde-social-icons\">\n                  \n            \n            \n\n    \n    \n    \n    \n    \n    <a class=\"breakdance-link bde-social-icons__icon-wrapper bde-social-icons__icon-facebook\" href=\"https:\/\/www.facebook.com\/\" target=\"_self\" data-type=\"url\" aria-label=\"facebook\" >\n\n             <svg xmlns=\"http:\/\/www.w3.org\/2000\/svg\" width=\"100%\" viewBox=\"0 0 24 24\">\n            <path d=\"M9 8h-3v4h3v12h5v-12h3.642l.358-4h-4v-1.667c0-.955.192-1.333 1.115-1.333h2.885v-5h-3.808c-3.596 0-5.192 1.583-5.192 4.615v3.385z\"\/>\n       <\/svg>\n              <\/a>\n\n                    \n            \n            \n\n    \n    \n    \n    \n    \n    <a class=\"breakdance-link bde-social-icons__icon-wrapper bde-social-icons__icon-instagram\" href=\"https:\/\/www.instagram.com\/\" target=\"_self\" data-type=\"url\" aria-label=\"instagram\" >\n\n             <svg xmlns=\"http:\/\/www.w3.org\/2000\/svg\" width=\"100%\" viewBox=\"0 0 24 24\">\n            <path d=\"M12 2.163c3.204 0 3.584.012 4.85.07 3.252.148 4.771 1.691 4.919 4.919.058 1.265.069 1.645.069 4.849 0 3.205-.012 3.584-.069 4.849-.149 3.225-1.664 4.771-4.919 4.919-1.266.058-1.644.07-4.85.07-3.204 0-3.584-.012-4.849-.07-3.26-.149-4.771-1.699-4.919-4.92-.058-1.265-.07-1.644-.07-4.849 0-3.204.013-3.583.07-4.849.149-3.227 1.664-4.771 4.919-4.919 1.266-.057 1.645-.069 4.849-.069zm0-2.163c-3.259 0-3.667.014-4.947.072-4.358.2-6.78 2.618-6.98 6.98-.059 1.281-.073 1.689-.073 4.948 0 3.259.014 3.668.072 4.948.2 4.358 2.618 6.78 6.98 6.98 1.281.058 1.689.072 4.948.072 3.259 0 3.668-.014 4.948-.072 4.354-.2 6.782-2.618 6.979-6.98.059-1.28.073-1.689.073-4.948 0-3.259-.014-3.667-.072-4.947-.196-4.354-2.617-6.78-6.979-6.98-1.281-.059-1.69-.073-4.949-.073zm0 5.838c-3.403 0-6.162 2.759-6.162 6.162s2.759 6.163 6.162 6.163 6.162-2.759 6.162-6.163c0-3.403-2.759-6.162-6.162-6.162zm0 10.162c-2.209 0-4-1.79-4-4 0-2.209 1.791-4 4-4s4 1.791 4 4c0 2.21-1.791 4-4 4zm6.406-11.845c-.796 0-1.441.645-1.441 1.44s.645 1.44 1.441 1.44c.795 0 1.439-.645 1.439-1.44s-.644-1.44-1.439-1.44z\"\/>\n       <\/svg>\n              <\/a>\n\n                    \n            \n            \n\n    \n    \n    \n    \n    \n    <a class=\"breakdance-link bde-social-icons__icon-wrapper bde-social-icons__icon-linkedin\" href=\"http:\/\/linkedin.com\/\" target=\"_self\" data-type=\"url\" aria-label=\"linkedin\" >\n\n             <svg xmlns=\"http:\/\/www.w3.org\/2000\/svg\" width=\"100%\" viewBox=\"-4 -2 32 32\">\n            <path d=\"M4.98 3.5c0 1.381-1.11 2.5-2.48 2.5s-2.48-1.119-2.48-2.5c0-1.38 1.11-2.5 2.48-2.5s2.48 1.12 2.48 2.5zm.02 4.5h-5v16h5v-16zm7.982 0h-4.968v16h4.969v-8.399c0-4.67 6.029-5.052 6.029 0v8.399h4.988v-10.131c0-7.88-8.922-7.593-11.018-3.714v-2.155z\"\/>\n       <\/svg>\n              <\/a>\n\n    \n<\/div><div class=\"bde-text-153-167 bde-text\">\nCabinet de Psychoth\u00e9rapie\n<\/div><h5 class=\"bde-heading-153-168 bde-heading\">\nRegis HIVET-MANGIN\n<\/h5>\n<\/div>\n<\/div><\/div><\/div>\n<\/section><section class=\"bde-section-153-169 bde-section\">\n              \n  \n\t\n\n  <div class=\"section-background-overlay\"><\/div>\n\n\n<div class=\"section-container\"><h2 class=\"bde-heading-153-170 bde-heading\">\nPourquoi faire une th\u00e9rapie?<br>\n<\/h2><\/div>\n<\/section><section class=\"bde-section-153-171 bde-section\">\n  \n\t\n\n\n\n<div class=\"section-container\"><div class=\"bde-columns-153-172 bde-columns\"><div class=\"bde-column-153-173 bde-column\">\n              \n  \n\t\n\n  <div class=\"section-background-overlay\"><\/div>\n\n\n\n<\/div><div class=\"bde-column-153-174 bde-column\">\n  \n\t\n\n\n\n<div class=\"bde-div-153-175 bde-div\">\n  \n\t\n\n\n\n<h2 class=\"bde-heading-153-176 bde-heading\">\nA qui s'adresse la Psychoth\u00e9rapie Humaniste?\n<\/h2><div class=\"bde-text-153-177 bde-text\">\nQui n' a jamais rencontr\u00e9 de difficult\u00e9s dans sa vie?<br><br>Qui, un jour, n' a pas crois\u00e9 ce sentiment de rejet, d'impuissance, de d\u00e9go\u00fbt, de col\u00e8re, de honte, de culpabilit\u00e9, de peur ou d'angoisse...<br><br>Qui ne s'est jamais pos\u00e9 la question du sens de sa vie, de ses actes, de ses envies et de ses besoins?<br><br>Qui ne s'est jamais trouv\u00e9 dans une impasse relationnelle, que ce soit avec sa famille, ses enfants, ses parents, ses coll\u00e8gues?<br><br>La Psychoth\u00e9rapie humaniste est une aide pr\u00e9cieuse, voir parfois, indispensable.<br>Savoir chercher du soutien, c est savoir s'aider soi-m\u00eame.<br><br>La Psychoth\u00e9rapie humaniste s'adresse \u00e0 tout le monde car elle prend soin de l'humain qui est en nous.\n<\/div><div class=\"bde-div-153-178 bde-div\">\n  \n\t\n\n\n\n<div class=\"bde-button-153-179 bde-button\">\n    \n                                    \n    \n    \n    \n    \n            \n                    \n            \n            \n\n    \n    \n    \n    \n    \n    <a class=\"breakdance-link button-atom button-atom--secondary bde-button__button\" href=\"#suite\" target=\"_self\" data-type=\"url\"  >\n\n    \n        <span class=\"button-atom__text\">D\u00e9couvrir<\/span>\n\n        \n        \n                <\/a>\n\n    \n\n\n<\/div>\n<\/div>\n<\/div>\n<\/div><\/div><\/div>\n<\/section><section class=\"bde-section-153-180 bde-section\">\n  \n\t\n\n\n\n<div class=\"section-container\"><div class=\"bde-columns-153-181 bde-columns\"><div class=\"bde-column-153-182 bde-column\">\n  \n\t\n\n\n\n\n<\/div><\/div><\/div>\n<\/section>","protected":false},"excerpt":{"rendered":"<p>La Psychoth\u00e9rapie Humaniste La Psychoth\u00e9rapie Humaniste La Psychoth\u00e9rapie r\u00e9pond au besoin d&rsquo;une personne (le Consultant) \u00e0 chercher de l&rsquo;aide aupr\u00e8s d&rsquo;une personne ext\u00e9rieure (le Th\u00e9rapeute) pour r\u00e9pondre \u00e0 un probl\u00e8me personnel.C&rsquo;est une d\u00e9marche, une volont\u00e9 qui demande du courage et de l&rsquo;amour envers soi-m\u00eame.C&rsquo;est un acte de discernement, de reconna\u00eetre \u00e0 la fois ses capacit\u00e9s, [&hellip;]<\/p>\n","protected":false},"author":1,"featured_media":41,"parent":0,"menu_order":0,"comment_status":"closed","ping_status":"closed","template":"","meta":{"_acf_changed":false,"footnotes":"","_breakdance_hide_in_design_set":false,"_breakdance_tags":""},"acf":[],"_links":{"self":[{"href":"https:\/\/cabinet.hivet-mangin.fr\/index.php\/wp-json\/wp\/v2\/pages\/153"}],"collection":[{"href":"https:\/\/cabinet.hivet-mangin.fr\/index.php\/wp-json\/wp\/v2\/pages"}],"about":[{"href":"https:\/\/cabinet.hivet-mangin.fr\/index.php\/wp-json\/wp\/v2\/types\/page"}],"author":[{"embeddable":true,"href":"https:\/\/cabinet.hivet-mangin.fr\/index.php\/wp-json\/wp\/v2\/users\/1"}],"replies":[{"embeddable":true,"href":"https:\/\/cabinet.hivet-mangin.fr\/index.php\/wp-json\/wp\/v2\/comments?post=153"}],"version-history":[{"count":28,"href":"https:\/\/cabinet.hivet-mangin.fr\/index.php\/wp-json\/wp\/v2\/pages\/153\/revisions"}],"predecessor-version":[{"id":378,"href":"https:\/\/cabinet.hivet-mangin.fr\/index.php\/wp-json\/wp\/v2\/pages\/153\/revisions\/378"}],"wp:featuredmedia":[{"embeddable":true,"href":"https:\/\/cabinet.hivet-mangin.fr\/index.php\/wp-json\/wp\/v2\/media\/41"}],"wp:attachment":[{"href":"https:\/\/cabinet.hivet-mangin.fr\/index.php\/wp-json\/wp\/v2\/media?parent=153"}],"curies":[{"name":"wp","href":"https:\/\/api.w.org\/{rel}","templated":true}]}}